{"id":151,"date":"2021-06-08T14:47:57","date_gmt":"2021-06-08T12:47:57","guid":{"rendered":"http:\/\/solfair.eu\/?page_id=151"},"modified":"2025-06-17T15:12:50","modified_gmt":"2025-06-17T13:12:50","slug":"actions-en-milieu-urbain","status":"publish","type":"page","link":"https:\/\/solfair.eu\/index.php\/actions-en-milieu-urbain\/","title":{"rendered":"Actions en milieu urbain"},"content":{"rendered":"\n<p>F\u00eate de L&rsquo;APF <em>Place Jean-Hans Arp (Strasbourg<\/em>)<\/p>\n\n\n\n<figure class=\"wp-block-gallery has-nested-images columns-default is-cropped wp-block-gallery-1 is-layout-flex wp-block-gallery-is-layout-flex\">\n<figure class=\"wp-block-image size-large\"><img loading=\"lazy\" decoding=\"async\" width=\"270\" height=\"480\" data-id=\"171\" src=\"https:\/\/solfair.eu\/wp-content\/uploads\/2021\/06\/3.jpg\" alt=\"\" class=\"wp-image-171\" srcset=\"https:\/\/solfair.eu\/wp-content\/uploads\/2021\/06\/3.jpg 270w, https:\/\/solfair.eu\/wp-content\/uploads\/2021\/06\/3-169x300.jpg 169w\" sizes=\"auto, (max-width: 270px) 100vw, 270px\" \/><\/figure>\n\n\n\n<figure class=\"wp-block-image size-large\"><img loading=\"lazy\" decoding=\"async\" width=\"270\" height=\"480\" data-id=\"172\" src=\"https:\/\/solfair.eu\/wp-content\/uploads\/2021\/06\/4.jpg\" alt=\"\" class=\"wp-image-172\" srcset=\"https:\/\/solfair.eu\/wp-content\/uploads\/2021\/06\/4.jpg 270w, https:\/\/solfair.eu\/wp-content\/uploads\/2021\/06\/4-169x300.jpg 169w\" sizes=\"auto, (max-width: 270px) 100vw, 270px\" \/><\/figure>\n\n\n\n<figure class=\"wp-block-image size-large\"><img loading=\"lazy\" decoding=\"async\" width=\"270\" height=\"480\" data-id=\"174\" src=\"https:\/\/solfair.eu\/wp-content\/uploads\/2021\/06\/6.jpg\" alt=\"\" class=\"wp-image-174\" srcset=\"https:\/\/solfair.eu\/wp-content\/uploads\/2021\/06\/6.jpg 270w, https:\/\/solfair.eu\/wp-content\/uploads\/2021\/06\/6-169x300.jpg 169w\" sizes=\"auto, (max-width: 270px) 100vw, 270px\" \/><\/figure>\n\n\n\n<figure class=\"wp-block-image size-large\"><img loading=\"lazy\" decoding=\"async\" width=\"270\" height=\"480\" data-id=\"176\" src=\"https:\/\/solfair.eu\/wp-content\/uploads\/2021\/06\/8.jpg\" alt=\"\" class=\"wp-image-176\" srcset=\"https:\/\/solfair.eu\/wp-content\/uploads\/2021\/06\/8.jpg 270w, https:\/\/solfair.eu\/wp-content\/uploads\/2021\/06\/8-169x300.jpg 169w\" sizes=\"auto, (max-width: 270px) 100vw, 270px\" \/><\/figure>\n\n\n\n<figure class=\"wp-block-image size-large\"><img loading=\"lazy\" decoding=\"async\" width=\"640\" height=\"360\" data-id=\"180\" src=\"https:\/\/solfair.eu\/wp-content\/uploads\/2021\/06\/11.jpg\" alt=\"\" class=\"wp-image-180\" srcset=\"https:\/\/solfair.eu\/wp-content\/uploads\/2021\/06\/11.jpg 640w, https:\/\/solfair.eu\/wp-content\/uploads\/2021\/06\/11-300x169.jpg 300w, https:\/\/solfair.eu\/wp-content\/uploads\/2021\/06\/11-600x338.jpg 600w\" sizes=\"auto, (max-width: 640px) 100vw, 640px\" \/><\/figure>\n\n\n\n<figure class=\"wp-block-image size-large\"><img loading=\"lazy\" decoding=\"async\" width=\"270\" height=\"480\" data-id=\"181\" src=\"https:\/\/solfair.eu\/wp-content\/uploads\/2021\/06\/13.jpg\" alt=\"\" class=\"wp-image-181\" srcset=\"https:\/\/solfair.eu\/wp-content\/uploads\/2021\/06\/13.jpg 270w, https:\/\/solfair.eu\/wp-content\/uploads\/2021\/06\/13-169x300.jpg 169w\" sizes=\"auto, (max-width: 270px) 100vw, 270px\" \/><\/figure>\n\n\n\n<figure class=\"wp-block-image size-large\"><img loading=\"lazy\" decoding=\"async\" width=\"1024\" height=\"768\" data-id=\"184\" src=\"https:\/\/solfair.eu\/wp-content\/uploads\/2021\/06\/DSC02067-1024x768.jpg\" alt=\"\" class=\"wp-image-184\" srcset=\"https:\/\/solfair.eu\/wp-content\/uploads\/2021\/06\/DSC02067-1024x768.jpg 1024w, https:\/\/solfair.eu\/wp-content\/uploads\/2021\/06\/DSC02067-300x225.jpg 300w, https:\/\/solfair.eu\/wp-content\/uploads\/2021\/06\/DSC02067-768x576.jpg 768w, https:\/\/solfair.eu\/wp-content\/uploads\/2021\/06\/DSC02067-1536x1152.jpg 1536w, https:\/\/solfair.eu\/wp-content\/uploads\/2021\/06\/DSC02067-2048x1536.jpg 2048w, https:\/\/solfair.eu\/wp-content\/uploads\/2021\/06\/DSC02067-960x720.jpg 960w, https:\/\/solfair.eu\/wp-content\/uploads\/2021\/06\/DSC02067-600x450.jpg 600w\" sizes=\"auto, (max-width: 1024px) 100vw, 1024px\" \/><\/figure>\n\n\n\n<figure class=\"wp-block-image size-large\"><img loading=\"lazy\" decoding=\"async\" width=\"1024\" height=\"768\" data-id=\"185\" src=\"https:\/\/solfair.eu\/wp-content\/uploads\/2021\/06\/DSC02068-1024x768.jpg\" alt=\"\" class=\"wp-image-185\" srcset=\"https:\/\/solfair.eu\/wp-content\/uploads\/2021\/06\/DSC02068-1024x768.jpg 1024w, https:\/\/solfair.eu\/wp-content\/uploads\/2021\/06\/DSC02068-300x225.jpg 300w, https:\/\/solfair.eu\/wp-content\/uploads\/2021\/06\/DSC02068-768x576.jpg 768w, https:\/\/solfair.eu\/wp-content\/uploads\/2021\/06\/DSC02068-1536x1152.jpg 1536w, https:\/\/solfair.eu\/wp-content\/uploads\/2021\/06\/DSC02068-2048x1536.jpg 2048w, https:\/\/solfair.eu\/wp-content\/uploads\/2021\/06\/DSC02068-960x720.jpg 960w, https:\/\/solfair.eu\/wp-content\/uploads\/2021\/06\/DSC02068-600x450.jpg 600w\" sizes=\"auto, (max-width: 1024px) 100vw, 1024px\" \/><\/figure>\n\n\n\n<figure class=\"wp-block-image size-large\"><img loading=\"lazy\" decoding=\"async\" width=\"1024\" height=\"768\" data-id=\"186\" src=\"https:\/\/solfair.eu\/wp-content\/uploads\/2021\/06\/DSC02069-2-1024x768.jpg\" alt=\"\" class=\"wp-image-186\" srcset=\"https:\/\/solfair.eu\/wp-content\/uploads\/2021\/06\/DSC02069-2-1024x768.jpg 1024w, https:\/\/solfair.eu\/wp-content\/uploads\/2021\/06\/DSC02069-2-300x225.jpg 300w, https:\/\/solfair.eu\/wp-content\/uploads\/2021\/06\/DSC02069-2-768x576.jpg 768w, https:\/\/solfair.eu\/wp-content\/uploads\/2021\/06\/DSC02069-2-1536x1152.jpg 1536w, https:\/\/solfair.eu\/wp-content\/uploads\/2021\/06\/DSC02069-2-2048x1536.jpg 2048w, https:\/\/solfair.eu\/wp-content\/uploads\/2021\/06\/DSC02069-2-960x720.jpg 960w, https:\/\/solfair.eu\/wp-content\/uploads\/2021\/06\/DSC02069-2-600x450.jpg 600w\" sizes=\"auto, (max-width: 1024px) 100vw, 1024px\" \/><\/figure>\n\n\n\n<figure class=\"wp-block-image size-large\"><img decoding=\"async\" data-id=\"201\" src=\"https:\/\/solfair.eu\/wp-content\/uploads\/2021\/06\/DSC02076-1024x768.jpg\" alt=\"\" class=\"wp-image-201\"\/><\/figure>\n\n\n\n<figure class=\"wp-block-image size-large\"><img loading=\"lazy\" decoding=\"async\" width=\"768\" height=\"1024\" data-id=\"206\" src=\"https:\/\/solfair.eu\/wp-content\/uploads\/2021\/06\/IMG_20140920_182809-768x1024.jpg\" alt=\"\" class=\"wp-image-206\" srcset=\"https:\/\/solfair.eu\/wp-content\/uploads\/2021\/06\/IMG_20140920_182809-768x1024.jpg 768w, https:\/\/solfair.eu\/wp-content\/uploads\/2021\/06\/IMG_20140920_182809-225x300.jpg 225w, https:\/\/solfair.eu\/wp-content\/uploads\/2021\/06\/IMG_20140920_182809-1152x1536.jpg 1152w, https:\/\/solfair.eu\/wp-content\/uploads\/2021\/06\/IMG_20140920_182809-1536x2048.jpg 1536w, https:\/\/solfair.eu\/wp-content\/uploads\/2021\/06\/IMG_20140920_182809-600x800.jpg 600w, https:\/\/solfair.eu\/wp-content\/uploads\/2021\/06\/IMG_20140920_182809.jpg 1920w\" sizes=\"auto, (max-width: 768px) 100vw, 768px\" \/><\/figure>\n\n\n\n<figure class=\"wp-block-image size-large\"><img loading=\"lazy\" decoding=\"async\" width=\"768\" height=\"1024\" data-id=\"207\" src=\"https:\/\/solfair.eu\/wp-content\/uploads\/2021\/06\/IMG_20140920_182831-768x1024.jpg\" alt=\"\" class=\"wp-image-207\" srcset=\"https:\/\/solfair.eu\/wp-content\/uploads\/2021\/06\/IMG_20140920_182831-768x1024.jpg 768w, https:\/\/solfair.eu\/wp-content\/uploads\/2021\/06\/IMG_20140920_182831-225x300.jpg 225w, https:\/\/solfair.eu\/wp-content\/uploads\/2021\/06\/IMG_20140920_182831-1152x1536.jpg 1152w, https:\/\/solfair.eu\/wp-content\/uploads\/2021\/06\/IMG_20140920_182831-1536x2048.jpg 1536w, https:\/\/solfair.eu\/wp-content\/uploads\/2021\/06\/IMG_20140920_182831-600x800.jpg 600w, https:\/\/solfair.eu\/wp-content\/uploads\/2021\/06\/IMG_20140920_182831.jpg 1920w\" sizes=\"auto, (max-width: 768px) 100vw, 768px\" \/><\/figure>\n\n\n\n<figure class=\"wp-block-image size-large\"><img loading=\"lazy\" decoding=\"async\" width=\"768\" height=\"1024\" data-id=\"208\" src=\"https:\/\/solfair.eu\/wp-content\/uploads\/2021\/06\/IMG_20140920_183231-768x1024.jpg\" alt=\"\" class=\"wp-image-208\" srcset=\"https:\/\/solfair.eu\/wp-content\/uploads\/2021\/06\/IMG_20140920_183231-768x1024.jpg 768w, https:\/\/solfair.eu\/wp-content\/uploads\/2021\/06\/IMG_20140920_183231-225x300.jpg 225w, https:\/\/solfair.eu\/wp-content\/uploads\/2021\/06\/IMG_20140920_183231-1152x1536.jpg 1152w, https:\/\/solfair.eu\/wp-content\/uploads\/2021\/06\/IMG_20140920_183231-1536x2048.jpg 1536w, https:\/\/solfair.eu\/wp-content\/uploads\/2021\/06\/IMG_20140920_183231-600x800.jpg 600w, https:\/\/solfair.eu\/wp-content\/uploads\/2021\/06\/IMG_20140920_183231.jpg 1920w\" sizes=\"auto, (max-width: 768px) 100vw, 768px\" \/><\/figure>\n<\/figure>\n\n\n\n<p>Les 3 pacifistes <\/p>\n\n\n\n<figure class=\"wp-block-gallery has-nested-images columns-default is-cropped wp-block-gallery-2 is-layout-flex wp-block-gallery-is-layout-flex\">\n<figure class=\"wp-block-image size-large\"><img loading=\"lazy\" decoding=\"async\" width=\"1024\" height=\"576\" data-id=\"347\" src=\"https:\/\/solfair.eu\/wp-content\/uploads\/2025\/06\/DSC_0502-1024x576.jpg\" alt=\"\" class=\"wp-image-347\" srcset=\"https:\/\/solfair.eu\/wp-content\/uploads\/2025\/06\/DSC_0502-1024x576.jpg 1024w, https:\/\/solfair.eu\/wp-content\/uploads\/2025\/06\/DSC_0502-300x169.jpg 300w, https:\/\/solfair.eu\/wp-content\/uploads\/2025\/06\/DSC_0502-768x432.jpg 768w, https:\/\/solfair.eu\/wp-content\/uploads\/2025\/06\/DSC_0502-1536x864.jpg 1536w, https:\/\/solfair.eu\/wp-content\/uploads\/2025\/06\/DSC_0502-2048x1152.jpg 2048w, https:\/\/solfair.eu\/wp-content\/uploads\/2025\/06\/DSC_0502-600x338.jpg 600w\" sizes=\"auto, (max-width: 1024px) 100vw, 1024px\" \/><\/figure>\n\n\n\n<figure class=\"wp-block-image size-large\"><img loading=\"lazy\" decoding=\"async\" width=\"1024\" height=\"576\" data-id=\"349\" src=\"https:\/\/solfair.eu\/wp-content\/uploads\/2025\/06\/DSC_0503-1024x576.jpg\" alt=\"\" class=\"wp-image-349\" srcset=\"https:\/\/solfair.eu\/wp-content\/uploads\/2025\/06\/DSC_0503-1024x576.jpg 1024w, https:\/\/solfair.eu\/wp-content\/uploads\/2025\/06\/DSC_0503-300x169.jpg 300w, https:\/\/solfair.eu\/wp-content\/uploads\/2025\/06\/DSC_0503-768x432.jpg 768w, https:\/\/solfair.eu\/wp-content\/uploads\/2025\/06\/DSC_0503-1536x864.jpg 1536w, https:\/\/solfair.eu\/wp-content\/uploads\/2025\/06\/DSC_0503-2048x1152.jpg 2048w, https:\/\/solfair.eu\/wp-content\/uploads\/2025\/06\/DSC_0503-600x338.jpg 600w\" sizes=\"auto, (max-width: 1024px) 100vw, 1024px\" \/><\/figure>\n\n\n\n<figure class=\"wp-block-image size-large\"><img loading=\"lazy\" decoding=\"async\" width=\"576\" height=\"1024\" data-id=\"346\" src=\"https:\/\/solfair.eu\/wp-content\/uploads\/2025\/06\/DSC_0494-576x1024.jpg\" alt=\"\" class=\"wp-image-346\" srcset=\"https:\/\/solfair.eu\/wp-content\/uploads\/2025\/06\/DSC_0494-576x1024.jpg 576w, https:\/\/solfair.eu\/wp-content\/uploads\/2025\/06\/DSC_0494-169x300.jpg 169w, https:\/\/solfair.eu\/wp-content\/uploads\/2025\/06\/DSC_0494-768x1365.jpg 768w, https:\/\/solfair.eu\/wp-content\/uploads\/2025\/06\/DSC_0494-864x1536.jpg 864w, https:\/\/solfair.eu\/wp-content\/uploads\/2025\/06\/DSC_0494-1152x2048.jpg 1152w, https:\/\/solfair.eu\/wp-content\/uploads\/2025\/06\/DSC_0494-600x1067.jpg 600w, https:\/\/solfair.eu\/wp-content\/uploads\/2025\/06\/DSC_0494.jpg 1440w\" sizes=\"auto, (max-width: 576px) 100vw, 576px\" \/><\/figure>\n\n\n\n<figure class=\"wp-block-image size-large\"><img loading=\"lazy\" decoding=\"async\" width=\"1024\" height=\"576\" data-id=\"348\" src=\"https:\/\/solfair.eu\/wp-content\/uploads\/2025\/06\/DSC_0505-1024x576.jpg\" alt=\"\" class=\"wp-image-348\" srcset=\"https:\/\/solfair.eu\/wp-content\/uploads\/2025\/06\/DSC_0505-1024x576.jpg 1024w, https:\/\/solfair.eu\/wp-content\/uploads\/2025\/06\/DSC_0505-300x169.jpg 300w, https:\/\/solfair.eu\/wp-content\/uploads\/2025\/06\/DSC_0505-768x432.jpg 768w, https:\/\/solfair.eu\/wp-content\/uploads\/2025\/06\/DSC_0505-1536x864.jpg 1536w, https:\/\/solfair.eu\/wp-content\/uploads\/2025\/06\/DSC_0505-2048x1152.jpg 2048w, https:\/\/solfair.eu\/wp-content\/uploads\/2025\/06\/DSC_0505-600x338.jpg 600w\" sizes=\"auto, (max-width: 1024px) 100vw, 1024px\" \/><\/figure>\n<\/figure>\n\n\n\n<p>Po\u00e9sie pav\u00e9e<\/p>\n\n\n\n<figure class=\"wp-block-gallery has-nested-images columns-default is-cropped wp-block-gallery-3 is-layout-flex wp-block-gallery-is-layout-flex\">\n<figure class=\"wp-block-image size-large\"><img loading=\"lazy\" decoding=\"async\" width=\"1024\" height=\"576\" data-id=\"352\" src=\"https:\/\/solfair.eu\/wp-content\/uploads\/2025\/06\/DSC_0747-1024x576.jpg\" alt=\"\" class=\"wp-image-352\" srcset=\"https:\/\/solfair.eu\/wp-content\/uploads\/2025\/06\/DSC_0747-1024x576.jpg 1024w, https:\/\/solfair.eu\/wp-content\/uploads\/2025\/06\/DSC_0747-300x169.jpg 300w, https:\/\/solfair.eu\/wp-content\/uploads\/2025\/06\/DSC_0747-768x432.jpg 768w, https:\/\/solfair.eu\/wp-content\/uploads\/2025\/06\/DSC_0747-1536x864.jpg 1536w, https:\/\/solfair.eu\/wp-content\/uploads\/2025\/06\/DSC_0747-2048x1152.jpg 2048w, https:\/\/solfair.eu\/wp-content\/uploads\/2025\/06\/DSC_0747-600x338.jpg 600w\" sizes=\"auto, (max-width: 1024px) 100vw, 1024px\" \/><\/figure>\n\n\n\n<figure class=\"wp-block-image size-large\"><img loading=\"lazy\" decoding=\"async\" width=\"1024\" height=\"576\" data-id=\"351\" src=\"https:\/\/solfair.eu\/wp-content\/uploads\/2025\/06\/DSC_0726-1024x576.jpg\" alt=\"\" class=\"wp-image-351\" srcset=\"https:\/\/solfair.eu\/wp-content\/uploads\/2025\/06\/DSC_0726-1024x576.jpg 1024w, https:\/\/solfair.eu\/wp-content\/uploads\/2025\/06\/DSC_0726-300x169.jpg 300w, https:\/\/solfair.eu\/wp-content\/uploads\/2025\/06\/DSC_0726-768x432.jpg 768w, https:\/\/solfair.eu\/wp-content\/uploads\/2025\/06\/DSC_0726-1536x864.jpg 1536w, https:\/\/solfair.eu\/wp-content\/uploads\/2025\/06\/DSC_0726-2048x1152.jpg 2048w\" sizes=\"auto, (max-width: 1024px) 100vw, 1024px\" \/><\/figure>\n\n\n\n<figure class=\"wp-block-image size-large\"><img loading=\"lazy\" decoding=\"async\" width=\"576\" height=\"1024\" data-id=\"350\" src=\"https:\/\/solfair.eu\/wp-content\/uploads\/2025\/06\/DSC_0715-576x1024.jpg\" alt=\"\" class=\"wp-image-350\" srcset=\"https:\/\/solfair.eu\/wp-content\/uploads\/2025\/06\/DSC_0715-576x1024.jpg 576w, https:\/\/solfair.eu\/wp-content\/uploads\/2025\/06\/DSC_0715-169x300.jpg 169w, https:\/\/solfair.eu\/wp-content\/uploads\/2025\/06\/DSC_0715-768x1365.jpg 768w, https:\/\/solfair.eu\/wp-content\/uploads\/2025\/06\/DSC_0715-864x1536.jpg 864w, https:\/\/solfair.eu\/wp-content\/uploads\/2025\/06\/DSC_0715-1152x2048.jpg 1152w, https:\/\/solfair.eu\/wp-content\/uploads\/2025\/06\/DSC_0715-600x1067.jpg 600w, https:\/\/solfair.eu\/wp-content\/uploads\/2025\/06\/DSC_0715.jpg 1440w\" sizes=\"auto, (max-width: 576px) 100vw, 576px\" \/><\/figure>\n\n\n\n<figure class=\"wp-block-image size-large\"><img loading=\"lazy\" decoding=\"async\" width=\"1024\" height=\"576\" data-id=\"353\" src=\"https:\/\/solfair.eu\/wp-content\/uploads\/2025\/06\/F-1024x576.jpg\" alt=\"\" class=\"wp-image-353\" srcset=\"https:\/\/solfair.eu\/wp-content\/uploads\/2025\/06\/F-1024x576.jpg 1024w, https:\/\/solfair.eu\/wp-content\/uploads\/2025\/06\/F-300x169.jpg 300w, https:\/\/solfair.eu\/wp-content\/uploads\/2025\/06\/F-768x432.jpg 768w, https:\/\/solfair.eu\/wp-content\/uploads\/2025\/06\/F-1536x864.jpg 1536w, https:\/\/solfair.eu\/wp-content\/uploads\/2025\/06\/F-2048x1152.jpg 2048w, https:\/\/solfair.eu\/wp-content\/uploads\/2025\/06\/F-600x338.jpg 600w\" sizes=\"auto, (max-width: 1024px) 100vw, 1024px\" \/><\/figure>\n<\/figure>\n","protected":false},"excerpt":{"rendered":"<p>F\u00eate de L&rsquo;APF Place Jean-Hans Arp (Strasbourg) Les 3 pacifistes Po\u00e9sie pav\u00e9e<\/p>\n","protected":false},"author":1,"featured_media":0,"parent":0,"menu_order":0,"comment_status":"closed","ping_status":"closed","template":"","meta":{"footnotes":""},"class_list":["post-151","page","type-page","status-publish","hentry"],"_links":{"self":[{"href":"https:\/\/solfair.eu\/index.php\/wp-json\/wp\/v2\/pages\/151","targetHints":{"allow":["GET"]}}],"collection":[{"href":"https:\/\/solfair.eu\/index.php\/wp-json\/wp\/v2\/pages"}],"about":[{"href":"https:\/\/solfair.eu\/index.php\/wp-json\/wp\/v2\/types\/page"}],"author":[{"embeddable":true,"href":"https:\/\/solfair.eu\/index.php\/wp-json\/wp\/v2\/users\/1"}],"replies":[{"embeddable":true,"href":"https:\/\/solfair.eu\/index.php\/wp-json\/wp\/v2\/comments?post=151"}],"version-history":[{"count":5,"href":"https:\/\/solfair.eu\/index.php\/wp-json\/wp\/v2\/pages\/151\/revisions"}],"predecessor-version":[{"id":355,"href":"https:\/\/solfair.eu\/index.php\/wp-json\/wp\/v2\/pages\/151\/revisions\/355"}],"wp:attachment":[{"href":"https:\/\/solfair.eu\/index.php\/wp-json\/wp\/v2\/media?parent=151"}],"curies":[{"name":"wp","href":"https:\/\/api.w.org\/{rel}","templated":true}]}}