{"id":10,"date":"2020-07-08T14:09:00","date_gmt":"2020-07-08T12:09:00","guid":{"rendered":"http:\/\/solfair.eu\/?page_id=10"},"modified":"2025-08-29T13:44:23","modified_gmt":"2025-08-29T11:44:23","slug":"medium-sol-f-air","status":"publish","type":"page","link":"https:\/\/solfair.eu\/","title":{"rendered":"\u00b0"},"content":{"rendered":"\n<div class=\"wp-block-columns is-layout-flex wp-container-core-columns-is-layout-9d6595d7 wp-block-columns-is-layout-flex\">\n<div class=\"wp-block-column is-vertically-aligned-stretch is-layout-flow wp-block-column-is-layout-flow\" style=\"flex-basis:100%\">\n<div class=\"wp-block-group\"><div class=\"wp-block-group__inner-container is-layout-constrained wp-block-group-is-layout-constrained\">\n<figure class=\"wp-block-gallery has-nested-images columns-default is-cropped wp-block-gallery-1 is-layout-flex wp-block-gallery-is-layout-flex\">\n<figure class=\"wp-block-image size-large is-resized is-style-rounded\" id=\"La-terre-respire\"><img loading=\"lazy\" decoding=\"async\" width=\"1006\" height=\"1024\" data-id=\"396\" src=\"https:\/\/solfair.eu\/wp-content\/uploads\/2025\/08\/B-1-1006x1024.jpg\" alt=\"\" class=\"wp-image-396\" style=\"width:249px;height:auto\" srcset=\"https:\/\/solfair.eu\/wp-content\/uploads\/2025\/08\/B-1-1006x1024.jpg 1006w, https:\/\/solfair.eu\/wp-content\/uploads\/2025\/08\/B-1-295x300.jpg 295w, https:\/\/solfair.eu\/wp-content\/uploads\/2025\/08\/B-1-768x782.jpg 768w, https:\/\/solfair.eu\/wp-content\/uploads\/2025\/08\/B-1-1508x1536.jpg 1508w, https:\/\/solfair.eu\/wp-content\/uploads\/2025\/08\/B-1-2011x2048.jpg 2011w, https:\/\/solfair.eu\/wp-content\/uploads\/2025\/08\/B-1-600x611.jpg 600w\" sizes=\"auto, (max-width: 1006px) 100vw, 1006px\" \/><figcaption class=\"wp-element-caption\">Maryline la boulang\u00e8re<br> Papiers mix\u00e9s tiss\u00e9s<\/figcaption><\/figure>\n\n\n<div class=\"wp-block-image is-style-rounded\">\n<figure class=\"aligncenter size-full is-resized\" id=\"La-terre-respire\"><img loading=\"lazy\" decoding=\"async\" width=\"2903\" height=\"2897\" data-id=\"417\" src=\"https:\/\/solfair.eu\/wp-content\/uploads\/2025\/08\/DSC06965-1.jpg\" alt=\"\" class=\"wp-image-417\" style=\"width:162px;height:auto\"\/><figcaption class=\"wp-element-caption\">Sfumato <br>Feutre sur papier<\/figcaption><\/figure><\/div><\/figure>\n<\/div><\/div>\n<\/div>\n\n\n\n<div class=\"wp-block-column is-vertically-aligned-stretch is-layout-flow wp-block-column-is-layout-flow\" style=\"flex-basis:100%\">\n<figure class=\"wp-block-image size-large is-resized is-style-rounded\" id=\"La-terre-respire\"><img loading=\"lazy\" decoding=\"async\" width=\"1024\" height=\"1017\" src=\"https:\/\/solfair.eu\/wp-content\/uploads\/2020\/07\/DSC01499-2-1024x1017.jpg\" alt=\"\" class=\"wp-image-19\" style=\"width:363px;height:auto\" srcset=\"https:\/\/solfair.eu\/wp-content\/uploads\/2020\/07\/DSC01499-2-1024x1017.jpg 1024w, https:\/\/solfair.eu\/wp-content\/uploads\/2020\/07\/DSC01499-2-scaled-100x100.jpg 100w, https:\/\/solfair.eu\/wp-content\/uploads\/2020\/07\/DSC01499-2-scaled-600x596.jpg 600w, https:\/\/solfair.eu\/wp-content\/uploads\/2020\/07\/DSC01499-2-300x298.jpg 300w, https:\/\/solfair.eu\/wp-content\/uploads\/2020\/07\/DSC01499-2-150x150.jpg 150w, https:\/\/solfair.eu\/wp-content\/uploads\/2020\/07\/DSC01499-2-768x763.jpg 768w, https:\/\/solfair.eu\/wp-content\/uploads\/2020\/07\/DSC01499-2-1536x1525.jpg 1536w, https:\/\/solfair.eu\/wp-content\/uploads\/2020\/07\/DSC01499-2-2048x2034.jpg 2048w\" sizes=\"auto, (max-width: 1024px) 100vw, 1024px\" \/><figcaption class=\"wp-element-caption\">Eureka <br>Acrylique sur papier<\/figcaption><\/figure>\n\n\n\n<figure class=\"wp-block-gallery has-nested-images columns-default is-cropped wp-block-gallery-2 is-layout-flex wp-block-gallery-is-layout-flex\"><\/figure>\n<\/div>\n<\/div>\n\n\n\n<blockquote class=\"wp-block-quote has-text-align-center is-style-large is-layout-flow wp-block-quote-is-layout-flow\" id=\"Air-Temps\">\n<div class=\"wp-block-group is-nowrap is-layout-flex wp-container-core-group-is-layout-ad2f72ca wp-block-group-is-layout-flex\">\n<p>                 \u00ab\u00a0Pour \u00eatre bien au sol, soyons bien dans l&rsquo;air du temps\u00a0\u00bb<\/p>\n<\/div>\n<cite>Sol.F.Air<\/cite><\/blockquote>\n\n\n\n<p><\/p>\n","protected":false},"excerpt":{"rendered":"","protected":false},"author":1,"featured_media":0,"parent":0,"menu_order":0,"comment_status":"closed","ping_status":"closed","template":"","meta":{"footnotes":""},"class_list":["post-10","page","type-page","status-publish","hentry"],"_links":{"self":[{"href":"https:\/\/solfair.eu\/index.php\/wp-json\/wp\/v2\/pages\/10","targetHints":{"allow":["GET"]}}],"collection":[{"href":"https:\/\/solfair.eu\/index.php\/wp-json\/wp\/v2\/pages"}],"about":[{"href":"https:\/\/solfair.eu\/index.php\/wp-json\/wp\/v2\/types\/page"}],"author":[{"embeddable":true,"href":"https:\/\/solfair.eu\/index.php\/wp-json\/wp\/v2\/users\/1"}],"replies":[{"embeddable":true,"href":"https:\/\/solfair.eu\/index.php\/wp-json\/wp\/v2\/comments?post=10"}],"version-history":[{"count":28,"href":"https:\/\/solfair.eu\/index.php\/wp-json\/wp\/v2\/pages\/10\/revisions"}],"predecessor-version":[{"id":422,"href":"https:\/\/solfair.eu\/index.php\/wp-json\/wp\/v2\/pages\/10\/revisions\/422"}],"wp:attachment":[{"href":"https:\/\/solfair.eu\/index.php\/wp-json\/wp\/v2\/media?parent=10"}],"curies":[{"name":"wp","href":"https:\/\/api.w.org\/{rel}","templated":true}]}}